{"id":1863,"date":"2020-02-20T16:19:39","date_gmt":"2020-02-20T15:19:39","guid":{"rendered":"https:\/\/luciedrdova.com\/?page_id=1863"},"modified":"2020-05-04T12:07:02","modified_gmt":"2020-05-04T10:07:02","slug":"joined-forces","status":"publish","type":"page","link":"https:\/\/luciedrdova.com\/cs\/joined-forces\/","title":{"rendered":"Spolupr\u00e1ce"},"content":{"rendered":"<p><\/p>\n<h2 style=\"text-align: center;\">Aliance galeri\u00ed sou\u010dasn\u00e9ho um\u011bn\u00ed<\/h2>\n<p style=\"text-align: center;\">\n<h2 style=\"text-align: center;\">Dina Akhmadeeva<\/h2>\n<p style=\"text-align: center;\">Tate Modern, Lond\u00fdn<\/p>\n<h2 style=\"text-align: center;\">Laura Amann<\/h2>\n<p style=\"text-align: center;\">Kunsthalle Wien<\/p>\n<h2 style=\"text-align: center;\">Richard Bake\u0161<\/h2>\n<p style=\"text-align: center;\">Grafik, Praha<\/p>\n<h2 style=\"text-align: center;\">Alexandra B\u00edzkov\u00e1<\/h2>\n<p style=\"text-align: center;\">Investi\u010dn\u00ed fond Pro arte, Praha<\/p>\n<h2 style=\"text-align: center;\">Tanya van Breda Vriesman<\/h2>\n<p style=\"text-align: center;\">Vienna Contemporary<\/p>\n<h2 style=\"text-align: center;\">Aaron Cezar<\/h2>\n<p style=\"text-align: center;\">\u0158editel, Delfina Foundation, Lond\u00fdn<\/p>\n<h2 style=\"text-align: center;\">Mario Cristiani<\/h2>\n<p style=\"text-align: center;\">Galleria Continua, San Gimignano<\/p>\n<h2 style=\"text-align: center;\">Lucie \u010cadilov\u00e1<\/h2>\n<p style=\"text-align: center;\">Pra\u017esk\u00fd d\u016fm, Brusel<\/p>\n<h2 style=\"text-align: center;\">Nela Eggenberger<\/h2>\n<p style=\"text-align: center;\">\u010casopis EIKON, V\u00edde\u0148<\/p>\n<h2 style=\"text-align: center;\">Galerie Thomas Fischer<\/h2>\n<p style=\"text-align: center;\">Berl\u00edn<\/p>\n<h2 style=\"text-align: center;\">Rainer Fuchs<\/h2>\n<p style=\"text-align: center;\">Museum Moderner Kunst Stiftung Ludwig Wien<\/p>\n<h2 style=\"text-align: center;\">M\u00e1ria G\u00e1lov\u00e1<\/h2>\n<p style=\"text-align: center;\">B\u00fdval\u00e1 \u0159editelka auk\u010dn\u00ed s\u00edn\u011b Dorotheum, Praha<\/p>\n<h2 style=\"text-align: center;\">Jana Johana Haeckel<\/h2>\n<p style=\"text-align: center;\">Histori\u010dka um\u011bn\u00ed a&nbsp;kur\u00e1torka, Brusel<\/p>\n<h2 style=\"text-align: center;\">Lily Hall<\/h2>\n<p style=\"text-align: center;\">Kur\u00e1torka, Lond\u00fdn<\/p>\n<h2 style=\"text-align: center;\">Christelle Havranek<\/h2>\n<p style=\"text-align: center;\">Kunsthalle Praha<\/p>\n<h2 style=\"text-align: center;\">Galerie Ernst Hilger<\/h2>\n<p style=\"text-align: center;\">V\u00edde\u0148<\/p>\n<h2 style=\"text-align: center;\">B\u00e4rbel Holaus-Heintschel<\/h2>\n<p style=\"text-align: center;\">Kunsthistorisches Museum Wien<\/p>\n<h2 style=\"text-align: center;\">V\u00e1clav Jano\u0161\u010d\u00edk<\/h2>\n<p style=\"text-align: center;\">Kur\u00e1tor, teoretik, autor, AVU, Praha<\/p>\n<h2 style=\"text-align: center;\">Iva Javorsk\u00e1<\/h2>\n<p style=\"text-align: center;\">Pr\u00e1vni\u010dka a&nbsp;lektorka, UMPRUM, Praha<\/p>\n<h2 style=\"text-align: center;\">Magdal\u00e9na Ju\u0159\u00edkov\u00e1<\/h2>\n<p style=\"text-align: center;\">GHMP<\/p>\n<h2 style=\"text-align: center;\">Milena Kalinovsk\u00e1<\/h2>\n<p style=\"text-align: center;\">B\u00fdval\u00e1 \u0159editelka Sb\u00edrky modern\u00edho a&nbsp;sou\u010dasn\u00e9ho um\u011bn\u00ed, NGP; b\u00fdval\u00e1 \u0159editelka program\u016f pro ve\u0159ejnost v&nbsp;Hirschhornov\u011b muzeu ve Washingtonu<\/p>\n<h2 style=\"text-align: center;\">Doc. PhDr. Ladislav Kesner, Ph.D.<\/h2>\n<p style=\"text-align: center;\">Semin\u00e1\u0159 d\u011bjin um\u011bn\u00ed, Masarykova univerzita, Brno; N\u00e1rodn\u00ed \u00fastav du\u0161evn\u00edho zdrav\u00ed, Klecany<\/p>\n<h2 style=\"text-align: center;\">Charlotta Kotik<\/h2>\n<p style=\"text-align: center;\">Kur\u00e1torka, New York<\/p>\n<h2 style=\"text-align: center;\">Karina Kottov\u00e1<\/h2>\n<p style=\"text-align: center;\">Kur\u00e1torka, Spole\u010dnost Jind\u0159icha Chalupeck\u00e9ho, Praha<\/p>\n<h2 style=\"text-align: center;\">Thea Ku\u010derov\u00e1<\/h2>\n<p style=\"text-align: center;\">Magaz\u00edn Pro\u010d ne?!, Praha<\/p>\n<h2 style=\"text-align: center;\">Jen Kratochvil<\/h2>\n<p style=\"text-align: center;\">Significant Other, V\u00edde\u0148; FAMU, Praha<\/p>\n<h2 style=\"text-align: center;\">Kate\u0159ina Meinerov\u00e1<\/h2>\n<p style=\"text-align: center;\">Herm\u00e8s, Praha<\/p>\n<h2 style=\"text-align: center;\">Denisa Nov\u00e1<\/h2>\n<p style=\"text-align: center;\">M\u00f3dn\u00ed n\u00e1vrh\u00e1\u0159ka, Praha<\/p>\n<h2 style=\"text-align: center;\">Robert Pe\u0148a\u017eka<\/h2>\n<p style=\"text-align: center;\">Yinachi, Praha<\/p>\n<h2 style=\"text-align: center;\">Rony Plesl<\/h2>\n<p style=\"text-align: center;\">Design\u00e9r, Praha<\/p>\n<h2 style=\"text-align: center;\">Jan Press<\/h2>\n<p style=\"text-align: center;\">Moravsk\u00e1 galerie v&nbsp;Brn\u011b<\/p>\n<h2 style=\"text-align: center;\">Janja Proki\u0107<\/h2>\n<p style=\"text-align: center;\">Design\u00e9rka, Praha<\/p>\n<h2 style=\"text-align: center;\">Anna Pulkertov\u00e1<\/h2>\n<p style=\"text-align: center;\">J&amp;T Banka, Praha<\/p>\n<h2 style=\"text-align: center;\">Alain Servais<\/h2>\n<p style=\"text-align: center;\">Soukrom\u00fd sb\u011bratel, Brusel<\/p>\n<h2 style=\"text-align: center;\">Marvan Shamma<\/h2>\n<p style=\"text-align: center;\">Tech leader a&nbsp;mentor, Praha<\/p>\n<h2 style=\"text-align: center;\">Priya Shetty<\/h2>\n<p style=\"text-align: center;\">Damien and the Love Guru, Brusel<\/p>\n<h2 style=\"text-align: center;\">Matej \u0160i\u0161ol\u00e1k<\/h2>\n<p style=\"text-align: center;\">\u010casopis Art of Living, Praha<\/p>\n<h2 style=\"text-align: center;\">Jan Sk\u0159iv\u00e1nek<\/h2>\n<p style=\"text-align: center;\">M\u011bs\u00ed\u010dn\u00edk Art+Antiques, Art+, Praha<\/p>\n<h2 style=\"text-align: center;\">Nele Verhaeren<\/h2>\n<p style=\"text-align: center;\">Art Brussels<\/p>\n<h2 style=\"text-align: center;\">Marina Votrubov\u00e1<\/h2>\n<p style=\"text-align: center;\">UniCredit Bank, Praha<\/p>\n<h2 style=\"text-align: center;\">Tim Wouters<\/h2>\n<p style=\"text-align: center;\">Waldburger Wouters, Brusel &amp; Basilej<\/p>\n<h2 style=\"text-align: center;\">Karin Zadrick<\/h2>\n<p style=\"text-align: center;\">Fotografka, Praha<\/p>\n<h2 style=\"text-align: center;\">Eva \u017d\u00e1kov\u00e1<\/h2>\n<p style=\"text-align: center;\">Institut um\u011bn\u00ed \u2013 Divadeln\u00ed \u00fastav, Praha<\/p>\n<p><\/p>","protected":false},"excerpt":{"rendered":"<p>Aliance galeri\u00ed sou\u010dasn\u00e9ho um\u011bn\u00ed Dina Akhmadeeva Tate Modern, Lond\u00fdn Laura Amann Kunsthalle Wien Richard Bake\u0161 Grafik, Praha Alexandra B\u00edzkov\u00e1 Investi\u010dn\u00ed [&hellip;]<\/p>\n","protected":false},"author":1,"featured_media":0,"parent":0,"menu_order":0,"comment_status":"closed","ping_status":"closed","template":"","meta":{"_acf_changed":false,"footnotes":""},"class_list":["post-1863","page","type-page","status-publish","hentry","wpautop"],"acf":[],"_links":{"self":[{"href":"https:\/\/luciedrdova.com\/cs\/wp-json\/wp\/v2\/pages\/1863"}],"collection":[{"href":"https:\/\/luciedrdova.com\/cs\/wp-json\/wp\/v2\/pages"}],"about":[{"href":"https:\/\/luciedrdova.com\/cs\/wp-json\/wp\/v2\/types\/page"}],"author":[{"embeddable":true,"href":"https:\/\/luciedrdova.com\/cs\/wp-json\/wp\/v2\/users\/1"}],"replies":[{"embeddable":true,"href":"https:\/\/luciedrdova.com\/cs\/wp-json\/wp\/v2\/comments?post=1863"}],"version-history":[{"count":13,"href":"https:\/\/luciedrdova.com\/cs\/wp-json\/wp\/v2\/pages\/1863\/revisions"}],"predecessor-version":[{"id":2175,"href":"https:\/\/luciedrdova.com\/cs\/wp-json\/wp\/v2\/pages\/1863\/revisions\/2175"}],"wp:attachment":[{"href":"https:\/\/luciedrdova.com\/cs\/wp-json\/wp\/v2\/media?parent=1863"}],"curies":[{"name":"wp","href":"https:\/\/api.w.org\/{rel}","templated":true}]}}